{"id":567,"date":"2026-03-03T11:44:18","date_gmt":"2026-03-03T16:44:18","guid":{"rendered":"https:\/\/2026.cbieconference.ca\/inscription\/included\/"},"modified":"2026-03-03T13:28:03","modified_gmt":"2026-03-03T18:28:03","slug":"comprend","status":"publish","type":"page","link":"https:\/\/2026.cbieconference.ca\/fr\/inscription\/comprend\/","title":{"rendered":"Que comprend mon billet?"},"content":{"rendered":"[vc_row type=\u00a0\u00a0\u00bbfull_width_background\u00a0\u00a0\u00bb full_screen_row_position=\u00a0\u00a0\u00bbmiddle\u00a0\u00a0\u00bb column_margin=\u00a0\u00a0\u00bbdefault\u00a0\u00a0\u00bb column_direction=\u00a0\u00a0\u00bbdefault\u00a0\u00a0\u00bb column_direction_tablet=\u00a0\u00a0\u00bbdefault\u00a0\u00a0\u00bb column_direction_phone=\u00a0\u00a0\u00bbdefault\u00a0\u00a0\u00bb bg_image=\u00a0\u00a0\u00bb234\u2033 bg_image_type=\u00a0\u00a0\u00bbdefault\u00a0\u00a0\u00bb bg_position=\u00a0\u00a0\u00bbcenter center\u00a0\u00a0\u00bb background_image_loading=\u00a0\u00a0\u00bbdefault\u00a0\u00a0\u00bb bg_repeat=\u00a0\u00a0\u00bbno-repeat\u00a0\u00a0\u00bb scene_position=\u00a0\u00a0\u00bbcenter\u00a0\u00a0\u00bb top_padding=\u00a0\u00a0\u00bb8%\u00a0\u00a0\u00bb bottom_padding=\u00a0\u00a0\u00bb5%\u00a0\u00a0\u00bb text_color=\u00a0\u00a0\u00bblight\u00a0\u00a0\u00bb text_align=\u00a0\u00a0\u00bbcenter\u00a0\u00a0\u00bb row_border_radius=\u00a0\u00a0\u00bbnone\u00a0\u00a0\u00bb row_border_radius_applies=\u00a0\u00a0\u00bbbg\u00a0\u00a0\u00bb row_position_desktop=\u00a0\u00a0\u00bbdefault\u00a0\u00a0\u00bb row_position_tablet=\u00a0\u00a0\u00bbinherit\u00a0\u00a0\u00bb row_position_phone=\u00a0\u00a0\u00bbinherit\u00a0\u00a0\u00bb overflow=\u00a0\u00a0\u00bbvisible\u00a0\u00a0\u00bb color_overlay=\u00a0\u00a0\u00bb#000000\u2033 overlay_strength=\u00a0\u00a0\u00bb0.5\u2033 gradient_direction=\u00a0\u00a0\u00bbleft_to_right\u00a0\u00a0\u00bb shape_divider_position=\u00a0\u00a0\u00bbbottom\u00a0\u00a0\u00bb bg_image_animation=\u00a0\u00a0\u00bbnone\u00a0\u00a0\u00bb gradient_type=\u00a0\u00a0\u00bbdefault\u00a0\u00a0\u00bb shape_type=\u00a0\u00a0\u00bb\u00a0\u00a0\u00bb][vc_column column_padding=\u00a0\u00a0\u00bbno-extra-padding\u00a0\u00a0\u00bb column_padding_tablet=\u00a0\u00a0\u00bbinherit\u00a0\u00a0\u00bb column_padding_phone=\u00a0\u00a0\u00bbinherit\u00a0\u00a0\u00bb column_padding_position=\u00a0\u00a0\u00bball\u00a0\u00a0\u00bb flex_gap_desktop=\u00a0\u00a0\u00bb10px\u00a0\u00a0\u00bb column_element_direction_desktop=\u00a0\u00a0\u00bbdefault\u00a0\u00a0\u00bb column_element_spacing=\u00a0\u00a0\u00bbdefault\u00a0\u00a0\u00bb desktop_text_alignment=\u00a0\u00a0\u00bbdefault\u00a0\u00a0\u00bb tablet_text_alignment=\u00a0\u00a0\u00bbdefault\u00a0\u00a0\u00bb phone_text_alignment=\u00a0\u00a0\u00bbdefault\u00a0\u00a0\u00bb background_color_opacity=\u00a0\u00a0\u00bb1\u2033 background_hover_color_opacity=\u00a0\u00a0\u00bb1\u2033 column_backdrop_filter=\u00a0\u00a0\u00bbnone\u00a0\u00a0\u00bb column_shadow=\u00a0\u00a0\u00bbnone\u00a0\u00a0\u00bb column_border_radius=\u00a0\u00a0\u00bbnone\u00a0\u00a0\u00bb column_link_target=\u00a0\u00a0\u00bb_self\u00a0\u00a0\u00bb column_position=\u00a0\u00a0\u00bbdefault\u00a0\u00a0\u00bb gradient_direction=\u00a0\u00a0\u00bbleft_to_right\u00a0\u00a0\u00bb overlay_strength=\u00a0\u00a0\u00bb0.3\u2033 width=\u00a0\u00a0\u00bb1\/1\u2033 tablet_width_inherit=\u00a0\u00a0\u00bbdefault\u00a0\u00a0\u00bb animation_type=\u00a0\u00a0\u00bbdefault\u00a0\u00a0\u00bb bg_image_animation=\u00a0\u00a0\u00bbnone\u00a0\u00a0\u00bb border_type=\u00a0\u00a0\u00bbsimple\u00a0\u00a0\u00bb column_border_width=\u00a0\u00a0\u00bbnone\u00a0\u00a0\u00bb column_border_style=\u00a0\u00a0\u00bbsolid\u00a0\u00a0\u00bb][vc_column_text css=\u00a0\u00a0\u00bb\u00a0\u00a0\u00bb text_direction=\u00a0\u00a0\u00bbdefault\u00a0\u00a0\u00bb]\n<h1>Que comprend mon billet?<\/h1>\n[\/vc_column_text][divider line_type=\u00a0\u00a0\u00bbSmall Line\u00a0\u00a0\u00bb line_alignment=\u00a0\u00a0\u00bbcenter\u00a0\u00a0\u00bb line_thickness=\u00a0\u00a0\u00bb2\u2033 divider_color=\u00a0\u00a0\u00bbextra-color-1\u2033 custom_height=\u00a0\u00a0\u00bb80\u2033][\/vc_column][\/vc_row][vc_row type=\u00a0\u00a0\u00bbin_container\u00a0\u00a0\u00bb full_screen_row_position=\u00a0\u00a0\u00bbmiddle\u00a0\u00a0\u00bb column_margin=\u00a0\u00a0\u00bbdefault\u00a0\u00a0\u00bb column_direction=\u00a0\u00a0\u00bbdefault\u00a0\u00a0\u00bb column_direction_tablet=\u00a0\u00a0\u00bbdefault\u00a0\u00a0\u00bb column_direction_phone=\u00a0\u00a0\u00bbdefault\u00a0\u00a0\u00bb scene_position=\u00a0\u00a0\u00bbcenter\u00a0\u00a0\u00bb top_padding=\u00a0\u00a0\u00bb5%\u00a0\u00a0\u00bb bottom_padding=\u00a0\u00a0\u00bb5%\u00a0\u00a0\u00bb text_color=\u00a0\u00a0\u00bbdark\u00a0\u00a0\u00bb text_align=\u00a0\u00a0\u00bbleft\u00a0\u00a0\u00bb row_border_radius=\u00a0\u00a0\u00bbnone\u00a0\u00a0\u00bb row_border_radius_applies=\u00a0\u00a0\u00bbbg\u00a0\u00a0\u00bb row_position_desktop=\u00a0\u00a0\u00bbdefault\u00a0\u00a0\u00bb row_position_tablet=\u00a0\u00a0\u00bbinherit\u00a0\u00a0\u00bb row_position_phone=\u00a0\u00a0\u00bbinherit\u00a0\u00a0\u00bb overflow=\u00a0\u00a0\u00bbvisible\u00a0\u00a0\u00bb overlay_strength=\u00a0\u00a0\u00bb0.3\u2033 gradient_direction=\u00a0\u00a0\u00bbleft_to_right\u00a0\u00a0\u00bb shape_divider_position=\u00a0\u00a0\u00bbbottom\u00a0\u00a0\u00bb bg_image_animation=\u00a0\u00a0\u00bbnone\u00a0\u00a0\u00bb gradient_type=\u00a0\u00a0\u00bbdefault\u00a0\u00a0\u00bb shape_type=\u00a0\u00a0\u00bb\u00a0\u00a0\u00bb][vc_column column_padding=\u00a0\u00a0\u00bbno-extra-padding\u00a0\u00a0\u00bb column_padding_tablet=\u00a0\u00a0\u00bbinherit\u00a0\u00a0\u00bb column_padding_phone=\u00a0\u00a0\u00bbinherit\u00a0\u00a0\u00bb column_padding_position=\u00a0\u00a0\u00bball\u00a0\u00a0\u00bb flex_gap_desktop=\u00a0\u00a0\u00bb10px\u00a0\u00a0\u00bb column_element_direction_desktop=\u00a0\u00a0\u00bbdefault\u00a0\u00a0\u00bb column_element_spacing=\u00a0\u00a0\u00bbdefault\u00a0\u00a0\u00bb desktop_text_alignment=\u00a0\u00a0\u00bbdefault\u00a0\u00a0\u00bb tablet_text_alignment=\u00a0\u00a0\u00bbdefault\u00a0\u00a0\u00bb phone_text_alignment=\u00a0\u00a0\u00bbdefault\u00a0\u00a0\u00bb background_color_opacity=\u00a0\u00a0\u00bb1\u2033 background_hover_color_opacity=\u00a0\u00a0\u00bb1\u2033 column_backdrop_filter=\u00a0\u00a0\u00bbnone\u00a0\u00a0\u00bb column_shadow=\u00a0\u00a0\u00bbnone\u00a0\u00a0\u00bb column_border_radius=\u00a0\u00a0\u00bbnone\u00a0\u00a0\u00bb column_link_target=\u00a0\u00a0\u00bb_self\u00a0\u00a0\u00bb column_position=\u00a0\u00a0\u00bbdefault\u00a0\u00a0\u00bb gradient_direction=\u00a0\u00a0\u00bbleft_to_right\u00a0\u00a0\u00bb overlay_strength=\u00a0\u00a0\u00bb0.3\u2033 width=\u00a0\u00a0\u00bb1\/1\u2033 tablet_width_inherit=\u00a0\u00a0\u00bbdefault\u00a0\u00a0\u00bb animation_type=\u00a0\u00a0\u00bbdefault\u00a0\u00a0\u00bb bg_image_animation=\u00a0\u00a0\u00bbnone\u00a0\u00a0\u00bb border_type=\u00a0\u00a0\u00bbsimple\u00a0\u00a0\u00bb column_border_width=\u00a0\u00a0\u00bbnone\u00a0\u00a0\u00bb column_border_style=\u00a0\u00a0\u00bbsolid\u00a0\u00a0\u00bb column_padding_type=\u00a0\u00a0\u00bbdefault\u00a0\u00a0\u00bb gradient_type=\u00a0\u00a0\u00bbdefault\u00a0\u00a0\u00bb][tabbed_section style=\u00a0\u00a0\u00bbvertical_modern\u00a0\u00a0\u00bb tab_color=\u00a0\u00a0\u00bbAccent-Color\u00a0\u00a0\u00bb vs_content_animation=\u00a0\u00a0\u00bbfade\u00a0\u00a0\u00bb vs_link_animation=\u00a0\u00a0\u00bbopacity\u00a0\u00a0\u00bb vs_navigation_alignment=\u00a0\u00a0\u00bbleft\u00a0\u00a0\u00bb vs_navigation_width_2=\u00a0\u00a0\u00bb25%\u00a0\u00a0\u00bb vs_navigation_func=\u00a0\u00a0\u00bbdefault\u00a0\u00a0\u00bb vs_navigation_width=\u00a0\u00a0\u00bbregular\u00a0\u00a0\u00bb vs_navigation_spacing=\u00a0\u00a0\u00bb15px\u00a0\u00a0\u00bb vs_navigation_mobile_display=\u00a0\u00a0\u00bbvisible\u00a0\u00a0\u00bb vs_tab_spacing=\u00a0\u00a0\u00bb5%\u00a0\u00a0\u00bb el_class=\u00a0\u00a0\u00bbincluded\u00a0\u00a0\u00bb][tab icon_family=\u00a0\u00a0\u00bbnone\u00a0\u00a0\u00bb title=\u00a0\u00a0\u00bbLaissez-passer pour le congr\u00e8s\u00a0\u00a0\u00bb id=\u00a0\u00a0\u00bb1772562148377-6\u2033 tab_id=\u00a0\u00a0\u00bb1772562148378-10\u2033][vc_column_text css=\u00a0\u00a0\u00bb\u00a0\u00a0\u00bb text_direction=\u00a0\u00a0\u00bbdefault\u00a0\u00a0\u00bb]\n<ul>\n<li>Un billet pour la r\u00e9ception d\u2019ouverture du dimanche 22 novembre. Des billets d\u2019invit\u00e9.e.s peuvent \u00eatre achet\u00e9s moyennant des frais suppl\u00e9mentaires.<\/li>\n<li>D\u00e9jeuner, d\u00eener et rafra\u00eechissements les lundi, mardi et mercredi.<\/li>\n<li>Acc\u00e8s \u00e0 toutes les s\u00e9ances pl\u00e9ni\u00e8res et les s\u00e9ances simultan\u00e9es. <strong>Veuillez noter\u00a0:<\/strong> Les billets billets pour les ateliers pr\u00e9congr\u00e8s et l\u2019\u00e9v\u00e9nement des partenariats du dimanche ne sont pas inclus avec le Laissez-passer pour le congr\u00e8s. Ils doivent \u00eatre achet\u00e9s moyennant des frais suppl\u00e9mentaires.<\/li>\n<li>Acc\u00e8s au salon d\u2019exposition les lundi, mardi et mercredi.<\/li>\n<li>Acc\u00e8s aux salons de r\u00e9seautage les lundi, mardi et mercredi.<\/li>\n<li>Un billet pour la C\u00e9remonie de remise des Prix d\u2019excellence le mardi 24 novembre. Des billets d\u2019invit\u00e9.e.s peuvent \u00eatre achet\u00e9s moyennant des frais suppl\u00e9mentaires.<\/li>\n<\/ul>\n[\/vc_column_text][\/tab][tab icon_family=\u00a0\u00a0\u00bbnone\u00a0\u00a0\u00bb title=\u00a0\u00a0\u00bbLaissez-passer quotidiens\u00a0\u00a0\u00bb id=\u00a0\u00a0\u00bb1772562148392-5\u2033 tab_id=\u00a0\u00a0\u00bb1772562148393-8\u2033][vc_column_text css=\u00a0\u00a0\u00bb\u00a0\u00a0\u00bb text_direction=\u00a0\u00a0\u00bbdefault\u00a0\u00a0\u00bb]\n<ul>\n<li>D\u00e9jeuner, d\u00eener et rafra\u00eechissements le(s) jour(s) correspondant(s) \u00e0 votre laissez-passer.<\/li>\n<li>Acc\u00e8s \u00e0 toutes les s\u00e9ances pl\u00e9ni\u00e8res et les s\u00e9ances simultan\u00e9es le(s) jour(s) correspondant(s) \u00e0 votre laissez-passer. <strong>Veuillez noter\u00a0:<\/strong> Les billets billets pour les ateliers pr\u00e9congr\u00e8s et l\u2019\u00e9v\u00e9nement des partenariats du dimanche ne sont pas inclus avec les Laissez-passer quotidiens. Ils doivent \u00eatre achet\u00e9s moyennant des frais suppl\u00e9mentaires.<\/li>\n<li>Acc\u00e8s au salon d\u2019exposition le(s) jour(s) correspondant(s) \u00e0 votre laissez-passer.<\/li>\n<li>Acc\u00e8s aux salons de r\u00e9seautage le(s) jour(s) correspondant(s) \u00e0 votre laissez-passer.<\/li>\n<li><strong>Laissez-passer pour mardi seulement\u00a0:<\/strong> Un billet pour la C\u00e9remonie de remise des Prix d\u2019excellence le mardi\u202f24\u202fnovembre. Des billets d\u2019invit\u00e9.e.s peuvent \u00eatre achet\u00e9s moyennant des frais suppl\u00e9mentaires.<\/li>\n<li><strong>Veuillez noter\u00a0:<\/strong> Les Laissez-passers quotidiens ne comprennent pas l\u2019admission \u00e0 la r\u00e9ception d\u2019ouverture. Des billets d\u2019invit\u00e9.e.s peuvent \u00eatre achet\u00e9s moyennant des frais suppl\u00e9mentaires.<\/li>\n<\/ul>\n[\/vc_column_text][\/tab][tab icon_family=\u00a0\u00a0\u00bbnone\u00a0\u00a0\u00bb title=\u00a0\u00a0\u00bbAteliers pr\u00e9congr\u00e8s\u00a0\u00a0\u00bb id=\u00a0\u00a0\u00bb1772562148399-1\u2033 tab_id=\u00a0\u00a0\u00bb1772562148400-7\u2033][vc_column_text css=\u00a0\u00a0\u00bb\u00a0\u00a0\u00bb text_direction=\u00a0\u00a0\u00bbdefault\u00a0\u00a0\u00bb]\n<ul>\n<li>Acc\u00e8s au(x) atelier(s) s\u00e9lectionn\u00e9(s).<\/li>\n<li>Service de caf\u00e9 et d\u00eener le dimanche 22 novembre.<\/li>\n<li>Veuillez noter que les billets pour la r\u00e9ception d\u2019ouverture et la C\u00e9r\u00e9monie de remise des Prix d\u2019excellence ne sont pas inclus dans ce type de laissez-passer. Les billets peuvent \u00eatre achet\u00e9s moyennant des frais suppl\u00e9mentaires.<\/li>\n<\/ul>\n[\/vc_column_text][\/tab][tab icon_family=\u00a0\u00a0\u00bbnone\u00a0\u00a0\u00bb title=\u00a0\u00a0\u00bb\u00c9v\u00e9nement des partenariats internationaux\u00a0\u00a0\u00bb id=\u00a0\u00a0\u00bb1772562148410-5\u2033 tab_id=\u00a0\u00a0\u00bb1772562148411-3\u2033][vc_column_text css=\u00a0\u00a0\u00bb\u00a0\u00a0\u00bb text_direction=\u00a0\u00a0\u00bbdefault\u00a0\u00a0\u00bb]\n<ul>\n<li>Acc\u00e8s \u00e0 l\u2019\u00c9v\u00e9nement des partenariats internationaux.<\/li>\n<li>Service de caf\u00e9 et d\u00eener le dimanche 22 novembre.<\/li>\n<li><strong>Veuillez noter<\/strong> que les billets pour la r\u00e9ception d\u2019ouverture et la C\u00e9r\u00e9monie de remise des Prix d\u2019excellence ne sont pas inclus dans ce type de laissez-passer. Les billets peuvent \u00eatre achet\u00e9s moyennant des frais suppl\u00e9mentaires.<\/li>\n<\/ul>\n[\/vc_column_text][\/tab][\/tabbed_section][\/vc_column][\/vc_row]\n","protected":false},"excerpt":{"rendered":"<p>[vc_row type=\u00a0\u00a0\u00bbfull_width_background\u00a0\u00a0\u00bb full_screen_row_position=\u00a0\u00a0\u00bbmiddle\u00a0\u00a0\u00bb column_margin=\u00a0\u00a0\u00bbdefault\u00a0\u00a0\u00bb column_direction=\u00a0\u00a0\u00bbdefault\u00a0\u00a0\u00bb column_direction_tablet=\u00a0\u00a0\u00bbdefault\u00a0\u00a0\u00bb column_direction_phone=\u00a0\u00a0\u00bbdefault\u00a0\u00a0\u00bb bg_image=\u00a0\u00a0\u00bb234\u2033 bg_image_type=\u00a0\u00a0\u00bbdefault\u00a0\u00a0\u00bb bg_position=\u00a0\u00a0\u00bbcenter center\u00a0\u00a0\u00bb background_image_loading=\u00a0\u00a0\u00bbdefault\u00a0\u00a0\u00bb bg_repeat=\u00a0\u00a0\u00bbno-repeat\u00a0\u00a0\u00bb scene_position=\u00a0\u00a0\u00bbcenter\u00a0\u00a0\u00bb top_padding=\u00a0\u00a0\u00bb8%\u00a0\u00a0\u00bb bottom_padding=\u00a0\u00a0\u00bb5%\u00a0\u00a0\u00bb text_color=\u00a0\u00a0\u00bblight\u00a0\u00a0\u00bb text_align=\u00a0\u00a0\u00bbcenter\u00a0\u00a0\u00bb row_border_radius=\u00a0\u00a0\u00bbnone\u00a0\u00a0\u00bb row_border_radius_applies=\u00a0\u00a0\u00bbbg\u00a0\u00a0\u00bb row_position_desktop=\u00a0\u00a0\u00bbdefault\u00a0\u00a0\u00bb row_position_tablet=\u00a0\u00a0\u00bbinherit\u00a0\u00a0\u00bb row_position_phone=\u00a0\u00a0\u00bbinherit\u00a0\u00a0\u00bb overflow=\u00a0\u00a0\u00bbvisible\u00a0\u00a0\u00bb color_overlay=\u00a0\u00a0\u00bb#000000\u2033 overlay_strength=\u00a0\u00a0\u00bb0.5\u2033 gradient_direction=\u00a0\u00a0\u00bbleft_to_right\u00a0\u00a0\u00bb shape_divider_position=\u00a0\u00a0\u00bbbottom\u00a0\u00a0\u00bb bg_image_animation=\u00a0\u00a0\u00bbnone\u00a0\u00a0\u00bb gradient_type=\u00a0\u00a0\u00bbdefault\u00a0\u00a0\u00bb&#8230;<\/p>\n","protected":false},"author":1,"featured_media":0,"parent":257,"menu_order":0,"comment_status":"closed","ping_status":"closed","template":"","meta":{"inline_featured_image":false,"footnotes":""},"class_list":["post-567","page","type-page","status-publish"],"yoast_head":"<!-- This site is optimized with the Yoast SEO plugin v27.3 - https:\/\/yoast.com\/product\/yoast-seo-wordpress\/ -->\n<title>Que comprend mon billet? - CBIE2026<\/title>\n<meta name=\"robots\" content=\"index, follow, max-snippet:-1, max-image-preview:large, max-video-preview:-1\" \/>\n<link rel=\"canonical\" href=\"https:\/\/2026.cbieconference.ca\/fr\/inscription\/comprend\/\" \/>\n<meta property=\"og:locale\" content=\"fr_FR\" \/>\n<meta property=\"og:type\" content=\"article\" \/>\n<meta property=\"og:title\" content=\"Que comprend mon billet? - CBIE2026\" \/>\n<meta property=\"og:description\" content=\"[vc_row type=\u00a0\u00a0\u00bbfull_width_background\u00a0\u00a0\u00bb full_screen_row_position=\u00a0\u00a0\u00bbmiddle\u00a0\u00a0\u00bb column_margin=\u00a0\u00a0\u00bbdefault\u00a0\u00a0\u00bb column_direction=\u00a0\u00a0\u00bbdefault\u00a0\u00a0\u00bb column_direction_tablet=\u00a0\u00a0\u00bbdefault\u00a0\u00a0\u00bb column_direction_phone=\u00a0\u00a0\u00bbdefault\u00a0\u00a0\u00bb bg_image=\u00a0\u00a0\u00bb234\u2033 bg_image_type=\u00a0\u00a0\u00bbdefault\u00a0\u00a0\u00bb bg_position=\u00a0\u00a0\u00bbcenter center\u00a0\u00a0\u00bb background_image_loading=\u00a0\u00a0\u00bbdefault\u00a0\u00a0\u00bb bg_repeat=\u00a0\u00a0\u00bbno-repeat\u00a0\u00a0\u00bb scene_position=\u00a0\u00a0\u00bbcenter\u00a0\u00a0\u00bb top_padding=\u00a0\u00a0\u00bb8%\u00a0\u00a0\u00bb bottom_padding=\u00a0\u00a0\u00bb5%\u00a0\u00a0\u00bb text_color=\u00a0\u00a0\u00bblight\u00a0\u00a0\u00bb text_align=\u00a0\u00a0\u00bbcenter\u00a0\u00a0\u00bb row_border_radius=\u00a0\u00a0\u00bbnone\u00a0\u00a0\u00bb row_border_radius_applies=\u00a0\u00a0\u00bbbg\u00a0\u00a0\u00bb row_position_desktop=\u00a0\u00a0\u00bbdefault\u00a0\u00a0\u00bb row_position_tablet=\u00a0\u00a0\u00bbinherit\u00a0\u00a0\u00bb row_position_phone=\u00a0\u00a0\u00bbinherit\u00a0\u00a0\u00bb overflow=\u00a0\u00a0\u00bbvisible\u00a0\u00a0\u00bb color_overlay=\u00a0\u00a0\u00bb#000000\u2033 overlay_strength=\u00a0\u00a0\u00bb0.5\u2033 gradient_direction=\u00a0\u00a0\u00bbleft_to_right\u00a0\u00a0\u00bb shape_divider_position=\u00a0\u00a0\u00bbbottom\u00a0\u00a0\u00bb bg_image_animation=\u00a0\u00a0\u00bbnone\u00a0\u00a0\u00bb gradient_type=\u00a0\u00a0\u00bbdefault\u00a0\u00a0\u00bb...\" \/>\n<meta property=\"og:url\" content=\"https:\/\/2026.cbieconference.ca\/fr\/inscription\/comprend\/\" \/>\n<meta property=\"og:site_name\" content=\"CBIE2026\" \/>\n<meta property=\"article:modified_time\" content=\"2026-03-03T18:28:03+00:00\" \/>\n<meta name=\"twitter:card\" content=\"summary_large_image\" \/>\n<meta name=\"twitter:label1\" content=\"Dur\u00e9e de lecture estim\u00e9e\" \/>\n\t<meta name=\"twitter:data1\" content=\"2 minutes\" \/>\n<script type=\"application\/ld+json\" class=\"yoast-schema-graph\">{\"@context\":\"https:\\\/\\\/schema.org\",\"@graph\":[{\"@type\":\"WebPage\",\"@id\":\"https:\\\/\\\/2026.cbieconference.ca\\\/fr\\\/inscription\\\/comprend\\\/\",\"url\":\"https:\\\/\\\/2026.cbieconference.ca\\\/fr\\\/inscription\\\/comprend\\\/\",\"name\":\"Que comprend mon billet? - CBIE2026\",\"isPartOf\":{\"@id\":\"https:\\\/\\\/2026.cbieconference.ca\\\/#website\"},\"datePublished\":\"2026-03-03T16:44:18+00:00\",\"dateModified\":\"2026-03-03T18:28:03+00:00\",\"breadcrumb\":{\"@id\":\"https:\\\/\\\/2026.cbieconference.ca\\\/fr\\\/inscription\\\/comprend\\\/#breadcrumb\"},\"inLanguage\":\"fr-FR\",\"potentialAction\":[{\"@type\":\"ReadAction\",\"target\":[\"https:\\\/\\\/2026.cbieconference.ca\\\/fr\\\/inscription\\\/comprend\\\/\"]}]},{\"@type\":\"BreadcrumbList\",\"@id\":\"https:\\\/\\\/2026.cbieconference.ca\\\/fr\\\/inscription\\\/comprend\\\/#breadcrumb\",\"itemListElement\":[{\"@type\":\"ListItem\",\"position\":1,\"name\":\"Home\",\"item\":\"https:\\\/\\\/2026.cbieconference.ca\\\/fr\\\/\"},{\"@type\":\"ListItem\",\"position\":2,\"name\":\"Inscription\",\"item\":\"https:\\\/\\\/2026.cbieconference.ca\\\/fr\\\/inscription\\\/\"},{\"@type\":\"ListItem\",\"position\":3,\"name\":\"Que comprend mon billet?\"}]},{\"@type\":\"WebSite\",\"@id\":\"https:\\\/\\\/2026.cbieconference.ca\\\/#website\",\"url\":\"https:\\\/\\\/2026.cbieconference.ca\\\/\",\"name\":\"CBIE2026\",\"description\":\"2026 CBIE Annual Conference\",\"potentialAction\":[{\"@type\":\"SearchAction\",\"target\":{\"@type\":\"EntryPoint\",\"urlTemplate\":\"https:\\\/\\\/2026.cbieconference.ca\\\/?s={search_term_string}\"},\"query-input\":{\"@type\":\"PropertyValueSpecification\",\"valueRequired\":true,\"valueName\":\"search_term_string\"}}],\"inLanguage\":\"fr-FR\"}]}<\/script>\n<!-- \/ Yoast SEO plugin. -->","yoast_head_json":{"title":"Que comprend mon billet? - CBIE2026","robots":{"index":"index","follow":"follow","max-snippet":"max-snippet:-1","max-image-preview":"max-image-preview:large","max-video-preview":"max-video-preview:-1"},"canonical":"https:\/\/2026.cbieconference.ca\/fr\/inscription\/comprend\/","og_locale":"fr_FR","og_type":"article","og_title":"Que comprend mon billet? - CBIE2026","og_description":"[vc_row type=\u00a0\u00a0\u00bbfull_width_background\u00a0\u00a0\u00bb full_screen_row_position=\u00a0\u00a0\u00bbmiddle\u00a0\u00a0\u00bb column_margin=\u00a0\u00a0\u00bbdefault\u00a0\u00a0\u00bb column_direction=\u00a0\u00a0\u00bbdefault\u00a0\u00a0\u00bb column_direction_tablet=\u00a0\u00a0\u00bbdefault\u00a0\u00a0\u00bb column_direction_phone=\u00a0\u00a0\u00bbdefault\u00a0\u00a0\u00bb bg_image=\u00a0\u00a0\u00bb234\u2033 bg_image_type=\u00a0\u00a0\u00bbdefault\u00a0\u00a0\u00bb bg_position=\u00a0\u00a0\u00bbcenter center\u00a0\u00a0\u00bb background_image_loading=\u00a0\u00a0\u00bbdefault\u00a0\u00a0\u00bb bg_repeat=\u00a0\u00a0\u00bbno-repeat\u00a0\u00a0\u00bb scene_position=\u00a0\u00a0\u00bbcenter\u00a0\u00a0\u00bb top_padding=\u00a0\u00a0\u00bb8%\u00a0\u00a0\u00bb bottom_padding=\u00a0\u00a0\u00bb5%\u00a0\u00a0\u00bb text_color=\u00a0\u00a0\u00bblight\u00a0\u00a0\u00bb text_align=\u00a0\u00a0\u00bbcenter\u00a0\u00a0\u00bb row_border_radius=\u00a0\u00a0\u00bbnone\u00a0\u00a0\u00bb row_border_radius_applies=\u00a0\u00a0\u00bbbg\u00a0\u00a0\u00bb row_position_desktop=\u00a0\u00a0\u00bbdefault\u00a0\u00a0\u00bb row_position_tablet=\u00a0\u00a0\u00bbinherit\u00a0\u00a0\u00bb row_position_phone=\u00a0\u00a0\u00bbinherit\u00a0\u00a0\u00bb overflow=\u00a0\u00a0\u00bbvisible\u00a0\u00a0\u00bb color_overlay=\u00a0\u00a0\u00bb#000000\u2033 overlay_strength=\u00a0\u00a0\u00bb0.5\u2033 gradient_direction=\u00a0\u00a0\u00bbleft_to_right\u00a0\u00a0\u00bb shape_divider_position=\u00a0\u00a0\u00bbbottom\u00a0\u00a0\u00bb bg_image_animation=\u00a0\u00a0\u00bbnone\u00a0\u00a0\u00bb gradient_type=\u00a0\u00a0\u00bbdefault\u00a0\u00a0\u00bb...","og_url":"https:\/\/2026.cbieconference.ca\/fr\/inscription\/comprend\/","og_site_name":"CBIE2026","article_modified_time":"2026-03-03T18:28:03+00:00","twitter_card":"summary_large_image","twitter_misc":{"Dur\u00e9e de lecture estim\u00e9e":"2 minutes"},"schema":{"@context":"https:\/\/schema.org","@graph":[{"@type":"WebPage","@id":"https:\/\/2026.cbieconference.ca\/fr\/inscription\/comprend\/","url":"https:\/\/2026.cbieconference.ca\/fr\/inscription\/comprend\/","name":"Que comprend mon billet? - CBIE2026","isPartOf":{"@id":"https:\/\/2026.cbieconference.ca\/#website"},"datePublished":"2026-03-03T16:44:18+00:00","dateModified":"2026-03-03T18:28:03+00:00","breadcrumb":{"@id":"https:\/\/2026.cbieconference.ca\/fr\/inscription\/comprend\/#breadcrumb"},"inLanguage":"fr-FR","potentialAction":[{"@type":"ReadAction","target":["https:\/\/2026.cbieconference.ca\/fr\/inscription\/comprend\/"]}]},{"@type":"BreadcrumbList","@id":"https:\/\/2026.cbieconference.ca\/fr\/inscription\/comprend\/#breadcrumb","itemListElement":[{"@type":"ListItem","position":1,"name":"Home","item":"https:\/\/2026.cbieconference.ca\/fr\/"},{"@type":"ListItem","position":2,"name":"Inscription","item":"https:\/\/2026.cbieconference.ca\/fr\/inscription\/"},{"@type":"ListItem","position":3,"name":"Que comprend mon billet?"}]},{"@type":"WebSite","@id":"https:\/\/2026.cbieconference.ca\/#website","url":"https:\/\/2026.cbieconference.ca\/","name":"CBIE2026","description":"2026 CBIE Annual Conference","potentialAction":[{"@type":"SearchAction","target":{"@type":"EntryPoint","urlTemplate":"https:\/\/2026.cbieconference.ca\/?s={search_term_string}"},"query-input":{"@type":"PropertyValueSpecification","valueRequired":true,"valueName":"search_term_string"}}],"inLanguage":"fr-FR"}]}},"_links":{"self":[{"href":"https:\/\/2026.cbieconference.ca\/fr\/wp-json\/wp\/v2\/pages\/567","targetHints":{"allow":["GET"]}}],"collection":[{"href":"https:\/\/2026.cbieconference.ca\/fr\/wp-json\/wp\/v2\/pages"}],"about":[{"href":"https:\/\/2026.cbieconference.ca\/fr\/wp-json\/wp\/v2\/types\/page"}],"author":[{"embeddable":true,"href":"https:\/\/2026.cbieconference.ca\/fr\/wp-json\/wp\/v2\/users\/1"}],"replies":[{"embeddable":true,"href":"https:\/\/2026.cbieconference.ca\/fr\/wp-json\/wp\/v2\/comments?post=567"}],"version-history":[{"count":3,"href":"https:\/\/2026.cbieconference.ca\/fr\/wp-json\/wp\/v2\/pages\/567\/revisions"}],"predecessor-version":[{"id":1828,"href":"https:\/\/2026.cbieconference.ca\/fr\/wp-json\/wp\/v2\/pages\/567\/revisions\/1828"}],"up":[{"embeddable":true,"href":"https:\/\/2026.cbieconference.ca\/fr\/wp-json\/wp\/v2\/pages\/257"}],"wp:attachment":[{"href":"https:\/\/2026.cbieconference.ca\/fr\/wp-json\/wp\/v2\/media?parent=567"}],"curies":[{"name":"wp","href":"https:\/\/api.w.org\/{rel}","templated":true}]}}