{"id":198,"date":"2024-12-09T17:45:43","date_gmt":"2024-12-09T22:45:43","guid":{"rendered":"https:\/\/cbie2025.pcomms.ca\/health-and-safety\/"},"modified":"2026-02-04T10:26:45","modified_gmt":"2026-02-04T15:26:45","slug":"sante-et-securite","status":"publish","type":"page","link":"https:\/\/2026.cbieconference.ca\/fr\/sante-et-securite\/","title":{"rendered":"Sant\u00e9 et s\u00e9curit\u00e9"},"content":{"rendered":"[vc_row type=\u00a0\u00a0\u00bbfull_width_background\u00a0\u00a0\u00bb full_screen_row_position=\u00a0\u00a0\u00bbmiddle\u00a0\u00a0\u00bb column_margin=\u00a0\u00a0\u00bbdefault\u00a0\u00a0\u00bb column_direction=\u00a0\u00a0\u00bbdefault\u00a0\u00a0\u00bb column_direction_tablet=\u00a0\u00a0\u00bbdefault\u00a0\u00a0\u00bb column_direction_phone=\u00a0\u00a0\u00bbdefault\u00a0\u00a0\u00bb bg_image=\u00a0\u00a0\u00bb48\u2033 bg_image_type=\u00a0\u00a0\u00bbdefault\u00a0\u00a0\u00bb bg_position=\u00a0\u00a0\u00bbcenter top\u00a0\u00a0\u00bb background_image_loading=\u00a0\u00a0\u00bbdefault\u00a0\u00a0\u00bb bg_repeat=\u00a0\u00a0\u00bbno-repeat\u00a0\u00a0\u00bb scene_position=\u00a0\u00a0\u00bbcenter\u00a0\u00a0\u00bb top_padding=\u00a0\u00a0\u00bb16%\u00a0\u00a0\u00bb bottom_padding=\u00a0\u00a0\u00bb10%\u00a0\u00a0\u00bb text_color=\u00a0\u00a0\u00bblight\u00a0\u00a0\u00bb text_align=\u00a0\u00a0\u00bbcenter\u00a0\u00a0\u00bb row_border_radius=\u00a0\u00a0\u00bbnone\u00a0\u00a0\u00bb row_border_radius_applies=\u00a0\u00a0\u00bbbg\u00a0\u00a0\u00bb row_position_desktop=\u00a0\u00a0\u00bbdefault\u00a0\u00a0\u00bb row_position_tablet=\u00a0\u00a0\u00bbinherit\u00a0\u00a0\u00bb row_position_phone=\u00a0\u00a0\u00bbinherit\u00a0\u00a0\u00bb overflow=\u00a0\u00a0\u00bbvisible\u00a0\u00a0\u00bb color_overlay=\u00a0\u00a0\u00bb#000000\u2033 overlay_strength=\u00a0\u00a0\u00bb0.3\u2033 gradient_direction=\u00a0\u00a0\u00bbleft_to_right\u00a0\u00a0\u00bb shape_divider_position=\u00a0\u00a0\u00bbbottom\u00a0\u00a0\u00bb bg_image_animation=\u00a0\u00a0\u00bbnone\u00a0\u00a0\u00bb gradient_type=\u00a0\u00a0\u00bbdefault\u00a0\u00a0\u00bb shape_type=\u00a0\u00a0\u00bb\u00a0\u00a0\u00bb][vc_column column_padding=\u00a0\u00a0\u00bbno-extra-padding\u00a0\u00a0\u00bb column_padding_tablet=\u00a0\u00a0\u00bbinherit\u00a0\u00a0\u00bb column_padding_phone=\u00a0\u00a0\u00bbinherit\u00a0\u00a0\u00bb column_padding_position=\u00a0\u00a0\u00bball\u00a0\u00a0\u00bb flex_gap_desktop=\u00a0\u00a0\u00bb10px\u00a0\u00a0\u00bb column_element_direction_desktop=\u00a0\u00a0\u00bbdefault\u00a0\u00a0\u00bb column_element_spacing=\u00a0\u00a0\u00bbdefault\u00a0\u00a0\u00bb desktop_text_alignment=\u00a0\u00a0\u00bbdefault\u00a0\u00a0\u00bb tablet_text_alignment=\u00a0\u00a0\u00bbdefault\u00a0\u00a0\u00bb phone_text_alignment=\u00a0\u00a0\u00bbdefault\u00a0\u00a0\u00bb background_color_opacity=\u00a0\u00a0\u00bb1\u2033 background_hover_color_opacity=\u00a0\u00a0\u00bb1\u2033 column_backdrop_filter=\u00a0\u00a0\u00bbnone\u00a0\u00a0\u00bb column_shadow=\u00a0\u00a0\u00bbnone\u00a0\u00a0\u00bb column_border_radius=\u00a0\u00a0\u00bbnone\u00a0\u00a0\u00bb column_link_target=\u00a0\u00a0\u00bb_self\u00a0\u00a0\u00bb column_position=\u00a0\u00a0\u00bbdefault\u00a0\u00a0\u00bb gradient_direction=\u00a0\u00a0\u00bbleft_to_right\u00a0\u00a0\u00bb overlay_strength=\u00a0\u00a0\u00bb0.3\u2033 width=\u00a0\u00a0\u00bb1\/1\u2033 tablet_width_inherit=\u00a0\u00a0\u00bbdefault\u00a0\u00a0\u00bb animation_type=\u00a0\u00a0\u00bbdefault\u00a0\u00a0\u00bb bg_image_animation=\u00a0\u00a0\u00bbnone\u00a0\u00a0\u00bb border_type=\u00a0\u00a0\u00bbsimple\u00a0\u00a0\u00bb column_border_width=\u00a0\u00a0\u00bbnone\u00a0\u00a0\u00bb column_border_style=\u00a0\u00a0\u00bbsolid\u00a0\u00a0\u00bb][vc_column_text css=\u00a0\u00a0\u00bb\u00a0\u00a0\u00bb text_direction=\u00a0\u00a0\u00bbdefault\u00a0\u00a0\u00bb]\n<h1>Sant\u00e9 et s\u00e9curit\u00e9<\/h1>\n[\/vc_column_text][divider line_type=\u00a0\u00a0\u00bbSmall Line\u00a0\u00a0\u00bb line_alignment=\u00a0\u00a0\u00bbcenter\u00a0\u00a0\u00bb line_thickness=\u00a0\u00a0\u00bb2\u2033 divider_color=\u00a0\u00a0\u00bbextra-color-1\u2033 custom_height=\u00a0\u00a0\u00bb80\u2033][\/vc_column][\/vc_row][vc_row type=\u00a0\u00a0\u00bbin_container\u00a0\u00a0\u00bb full_screen_row_position=\u00a0\u00a0\u00bbmiddle\u00a0\u00a0\u00bb column_margin=\u00a0\u00a0\u00bbdefault\u00a0\u00a0\u00bb column_direction=\u00a0\u00a0\u00bbdefault\u00a0\u00a0\u00bb column_direction_tablet=\u00a0\u00a0\u00bbdefault\u00a0\u00a0\u00bb column_direction_phone=\u00a0\u00a0\u00bbdefault\u00a0\u00a0\u00bb scene_position=\u00a0\u00a0\u00bbcenter\u00a0\u00a0\u00bb top_padding=\u00a0\u00a0\u00bb5%\u00a0\u00a0\u00bb constrain_group_1=\u00a0\u00a0\u00bbyes\u00a0\u00a0\u00bb bottom_padding=\u00a0\u00a0\u00bb5%\u00a0\u00a0\u00bb text_color=\u00a0\u00a0\u00bbdark\u00a0\u00a0\u00bb text_align=\u00a0\u00a0\u00bbleft\u00a0\u00a0\u00bb row_border_radius=\u00a0\u00a0\u00bbnone\u00a0\u00a0\u00bb row_border_radius_applies=\u00a0\u00a0\u00bbbg\u00a0\u00a0\u00bb row_position_desktop=\u00a0\u00a0\u00bbdefault\u00a0\u00a0\u00bb row_position_tablet=\u00a0\u00a0\u00bbinherit\u00a0\u00a0\u00bb row_position_phone=\u00a0\u00a0\u00bbinherit\u00a0\u00a0\u00bb overflow=\u00a0\u00a0\u00bbvisible\u00a0\u00a0\u00bb overlay_strength=\u00a0\u00a0\u00bb0.3\u2033 gradient_direction=\u00a0\u00a0\u00bbleft_to_right\u00a0\u00a0\u00bb shape_divider_position=\u00a0\u00a0\u00bbbottom\u00a0\u00a0\u00bb bg_image_animation=\u00a0\u00a0\u00bbnone\u00a0\u00a0\u00bb gradient_type=\u00a0\u00a0\u00bbdefault\u00a0\u00a0\u00bb shape_type=\u00a0\u00a0\u00bb\u00a0\u00a0\u00bb][vc_column column_padding=\u00a0\u00a0\u00bbno-extra-padding\u00a0\u00a0\u00bb column_padding_tablet=\u00a0\u00a0\u00bbinherit\u00a0\u00a0\u00bb column_padding_phone=\u00a0\u00a0\u00bbinherit\u00a0\u00a0\u00bb column_padding_position=\u00a0\u00a0\u00bball\u00a0\u00a0\u00bb flex_gap_desktop=\u00a0\u00a0\u00bb10px\u00a0\u00a0\u00bb column_element_direction_desktop=\u00a0\u00a0\u00bbdefault\u00a0\u00a0\u00bb column_element_spacing=\u00a0\u00a0\u00bbdefault\u00a0\u00a0\u00bb desktop_text_alignment=\u00a0\u00a0\u00bbdefault\u00a0\u00a0\u00bb tablet_text_alignment=\u00a0\u00a0\u00bbdefault\u00a0\u00a0\u00bb phone_text_alignment=\u00a0\u00a0\u00bbdefault\u00a0\u00a0\u00bb background_color_opacity=\u00a0\u00a0\u00bb1\u2033 background_hover_color_opacity=\u00a0\u00a0\u00bb1\u2033 column_backdrop_filter=\u00a0\u00a0\u00bbnone\u00a0\u00a0\u00bb column_shadow=\u00a0\u00a0\u00bbnone\u00a0\u00a0\u00bb column_border_radius=\u00a0\u00a0\u00bbnone\u00a0\u00a0\u00bb column_link_target=\u00a0\u00a0\u00bb_self\u00a0\u00a0\u00bb column_position=\u00a0\u00a0\u00bbdefault\u00a0\u00a0\u00bb gradient_direction=\u00a0\u00a0\u00bbleft_to_right\u00a0\u00a0\u00bb overlay_strength=\u00a0\u00a0\u00bb0.3\u2033 width=\u00a0\u00a0\u00bb1\/6\u2033 tablet_width_inherit=\u00a0\u00a0\u00bbdefault\u00a0\u00a0\u00bb animation_type=\u00a0\u00a0\u00bbdefault\u00a0\u00a0\u00bb bg_image_animation=\u00a0\u00a0\u00bbnone\u00a0\u00a0\u00bb border_type=\u00a0\u00a0\u00bbsimple\u00a0\u00a0\u00bb column_border_width=\u00a0\u00a0\u00bbnone\u00a0\u00a0\u00bb column_border_style=\u00a0\u00a0\u00bbsolid\u00a0\u00a0\u00bb][\/vc_column][vc_column column_padding=\u00a0\u00a0\u00bbno-extra-padding\u00a0\u00a0\u00bb column_padding_tablet=\u00a0\u00a0\u00bbinherit\u00a0\u00a0\u00bb column_padding_phone=\u00a0\u00a0\u00bbinherit\u00a0\u00a0\u00bb column_padding_position=\u00a0\u00a0\u00bball\u00a0\u00a0\u00bb flex_gap_desktop=\u00a0\u00a0\u00bb10px\u00a0\u00a0\u00bb column_element_direction_desktop=\u00a0\u00a0\u00bbdefault\u00a0\u00a0\u00bb column_element_spacing=\u00a0\u00a0\u00bbdefault\u00a0\u00a0\u00bb desktop_text_alignment=\u00a0\u00a0\u00bbdefault\u00a0\u00a0\u00bb tablet_text_alignment=\u00a0\u00a0\u00bbdefault\u00a0\u00a0\u00bb phone_text_alignment=\u00a0\u00a0\u00bbdefault\u00a0\u00a0\u00bb background_color_opacity=\u00a0\u00a0\u00bb1\u2033 background_hover_color_opacity=\u00a0\u00a0\u00bb1\u2033 column_backdrop_filter=\u00a0\u00a0\u00bbnone\u00a0\u00a0\u00bb column_shadow=\u00a0\u00a0\u00bbnone\u00a0\u00a0\u00bb column_border_radius=\u00a0\u00a0\u00bbnone\u00a0\u00a0\u00bb column_link_target=\u00a0\u00a0\u00bb_self\u00a0\u00a0\u00bb column_position=\u00a0\u00a0\u00bbdefault\u00a0\u00a0\u00bb gradient_direction=\u00a0\u00a0\u00bbleft_to_right\u00a0\u00a0\u00bb overlay_strength=\u00a0\u00a0\u00bb0.3\u2033 width=\u00a0\u00a0\u00bb2\/3\u2033 tablet_width_inherit=\u00a0\u00a0\u00bbdefault\u00a0\u00a0\u00bb animation_type=\u00a0\u00a0\u00bbdefault\u00a0\u00a0\u00bb bg_image_animation=\u00a0\u00a0\u00bbnone\u00a0\u00a0\u00bb border_type=\u00a0\u00a0\u00bbsimple\u00a0\u00a0\u00bb column_border_width=\u00a0\u00a0\u00bbnone\u00a0\u00a0\u00bb column_border_style=\u00a0\u00a0\u00bbsolid\u00a0\u00a0\u00bb column_padding_type=\u00a0\u00a0\u00bbdefault\u00a0\u00a0\u00bb gradient_type=\u00a0\u00a0\u00bbdefault\u00a0\u00a0\u00bb][vc_column_text css=\u00a0\u00a0\u00bb\u00a0\u00a0\u00bb text_direction=\u00a0\u00a0\u00bbdefault\u00a0\u00a0\u00bb]Le BCEI s\u2019engage \u00e0 offrir \u00e0 tous.tes les participant.e.s une exp\u00e9rience de congr\u00e8s en pr\u00e9sentiel saine et s\u00e9curitaire. Nous suivons les directives du gouvernement du Canada qui n\u2019exigent actuellement pas le port du masque ou de preuve de vaccination. Si les directives changent, nous nous r\u00e9servons le droit de modifier nos politiques de sant\u00e9 et de s\u00e9curit\u00e9 en cons\u00e9quence.\n<p>Il est important que tous.tes les participant.e.s reconnaissent qu\u2019il existe des risques inh\u00e9rents \u00e0 des \u00e9v\u00e9nements de grande envergure comme le congr\u00e8s du BCEI. Nous ne pouvons pas \u00eatre tenu.e.s responsables de toute perte ou de tout dommage subi par les participant.e.s individuel.le.s en raison de circonstances ind\u00e9pendantes de notre volont\u00e9.<\/p>\n<p>Le BCEI encourage fortement la vaccination et les doses de rappel contre la COVID-19, car les vaccins sont un moyen \u00e9prouv\u00e9 de pr\u00e9venir les maladies graves. Bien qu\u2019il ne soit pas obligatoire de porter un masque, plusieurs personnes pourraient tout de m\u00eame choisir d\u2019en porter un \u00e0 l\u2019int\u00e9rieur. Nous demandons \u00e0 tous.tes les participant.e.s de respecter la d\u00e9cision de leurs coll\u00e8gues en mati\u00e8re de sant\u00e9 et de s\u00e9curit\u00e9. Il est \u00e9galement recommand\u00e9 d\u2019effectuer un test de d\u00e9pistage \u00e0 domicile avant d\u2019arriver sur les lieux du congr\u00e8s. Si vous vous sentez malade pendant l\u2019\u00e9v\u00e9nement, veuillez rester dans votre chambre d\u2019h\u00f4tel et passer un test pour \u00e9valuer votre \u00e9tat de sant\u00e9.<\/p>\n<p>Pour toute question, veuillez communiquer avec <a href=\"mailto:conference-congres@cbie.ca\" target=\"_blank\" rel=\"noopener\">l\u2019\u00e9quipe responsable du congr\u00e8s BCEI2026.<\/a>[\/vc_column_text][\/vc_column][vc_column column_padding=\u00a0\u00a0\u00bbno-extra-padding\u00a0\u00a0\u00bb column_padding_tablet=\u00a0\u00a0\u00bbinherit\u00a0\u00a0\u00bb column_padding_phone=\u00a0\u00a0\u00bbinherit\u00a0\u00a0\u00bb column_padding_position=\u00a0\u00a0\u00bball\u00a0\u00a0\u00bb flex_gap_desktop=\u00a0\u00a0\u00bb10px\u00a0\u00a0\u00bb column_element_direction_desktop=\u00a0\u00a0\u00bbdefault\u00a0\u00a0\u00bb column_element_spacing=\u00a0\u00a0\u00bbdefault\u00a0\u00a0\u00bb desktop_text_alignment=\u00a0\u00a0\u00bbdefault\u00a0\u00a0\u00bb tablet_text_alignment=\u00a0\u00a0\u00bbdefault\u00a0\u00a0\u00bb phone_text_alignment=\u00a0\u00a0\u00bbdefault\u00a0\u00a0\u00bb background_color_opacity=\u00a0\u00a0\u00bb1\u2033 background_hover_color_opacity=\u00a0\u00a0\u00bb1\u2033 column_backdrop_filter=\u00a0\u00a0\u00bbnone\u00a0\u00a0\u00bb column_shadow=\u00a0\u00a0\u00bbnone\u00a0\u00a0\u00bb column_border_radius=\u00a0\u00a0\u00bbnone\u00a0\u00a0\u00bb column_link_target=\u00a0\u00a0\u00bb_self\u00a0\u00a0\u00bb column_position=\u00a0\u00a0\u00bbdefault\u00a0\u00a0\u00bb gradient_direction=\u00a0\u00a0\u00bbleft_to_right\u00a0\u00a0\u00bb overlay_strength=\u00a0\u00a0\u00bb0.3\u2033 width=\u00a0\u00a0\u00bb1\/6\u2033 tablet_width_inherit=\u00a0\u00a0\u00bbdefault\u00a0\u00a0\u00bb animation_type=\u00a0\u00a0\u00bbdefault\u00a0\u00a0\u00bb bg_image_animation=\u00a0\u00a0\u00bbnone\u00a0\u00a0\u00bb border_type=\u00a0\u00a0\u00bbsimple\u00a0\u00a0\u00bb column_border_width=\u00a0\u00a0\u00bbnone\u00a0\u00a0\u00bb column_border_style=\u00a0\u00a0\u00bbsolid\u00a0\u00a0\u00bb][\/vc_column][\/vc_row]\n<\/p>","protected":false},"excerpt":{"rendered":"<p>[vc_row type=\u00a0\u00a0\u00bbfull_width_background\u00a0\u00a0\u00bb full_screen_row_position=\u00a0\u00a0\u00bbmiddle\u00a0\u00a0\u00bb column_margin=\u00a0\u00a0\u00bbdefault\u00a0\u00a0\u00bb column_direction=\u00a0\u00a0\u00bbdefault\u00a0\u00a0\u00bb column_direction_tablet=\u00a0\u00a0\u00bbdefault\u00a0\u00a0\u00bb column_direction_phone=\u00a0\u00a0\u00bbdefault\u00a0\u00a0\u00bb bg_image=\u00a0\u00a0\u00bb48\u2033 bg_image_type=\u00a0\u00a0\u00bbdefault\u00a0\u00a0\u00bb bg_position=\u00a0\u00a0\u00bbcenter top\u00a0\u00a0\u00bb background_image_loading=\u00a0\u00a0\u00bbdefault\u00a0\u00a0\u00bb bg_repeat=\u00a0\u00a0\u00bbno-repeat\u00a0\u00a0\u00bb scene_position=\u00a0\u00a0\u00bbcenter\u00a0\u00a0\u00bb top_padding=\u00a0\u00a0\u00bb16%\u00a0\u00a0\u00bb bottom_padding=\u00a0\u00a0\u00bb10%\u00a0\u00a0\u00bb text_color=\u00a0\u00a0\u00bblight\u00a0\u00a0\u00bb text_align=\u00a0\u00a0\u00bbcenter\u00a0\u00a0\u00bb row_border_radius=\u00a0\u00a0\u00bbnone\u00a0\u00a0\u00bb row_border_radius_applies=\u00a0\u00a0\u00bbbg\u00a0\u00a0\u00bb row_position_desktop=\u00a0\u00a0\u00bbdefault\u00a0\u00a0\u00bb row_position_tablet=\u00a0\u00a0\u00bbinherit\u00a0\u00a0\u00bb row_position_phone=\u00a0\u00a0\u00bbinherit\u00a0\u00a0\u00bb overflow=\u00a0\u00a0\u00bbvisible\u00a0\u00a0\u00bb color_overlay=\u00a0\u00a0\u00bb#000000\u2033 overlay_strength=\u00a0\u00a0\u00bb0.3\u2033 gradient_direction=\u00a0\u00a0\u00bbleft_to_right\u00a0\u00a0\u00bb shape_divider_position=\u00a0\u00a0\u00bbbottom\u00a0\u00a0\u00bb bg_image_animation=\u00a0\u00a0\u00bbnone\u00a0\u00a0\u00bb gradient_type=\u00a0\u00a0\u00bbdefault\u00a0\u00a0\u00bb&#8230;<\/p>\n","protected":false},"author":1,"featured_media":0,"parent":0,"menu_order":0,"comment_status":"closed","ping_status":"closed","template":"","meta":{"inline_featured_image":false,"footnotes":""},"class_list":["post-198","page","type-page","status-publish"],"yoast_head":"<!-- This site is optimized with the Yoast SEO plugin v27.4 - https:\/\/yoast.com\/product\/yoast-seo-wordpress\/ -->\n<title>Sant\u00e9 et s\u00e9curit\u00e9 - CBIE2026<\/title>\n<meta name=\"robots\" content=\"index, follow, max-snippet:-1, max-image-preview:large, max-video-preview:-1\" \/>\n<link rel=\"canonical\" href=\"https:\/\/2026.cbieconference.ca\/fr\/sante-et-securite\/\" \/>\n<meta property=\"og:locale\" content=\"fr_FR\" \/>\n<meta property=\"og:type\" content=\"article\" \/>\n<meta property=\"og:title\" content=\"Sant\u00e9 et s\u00e9curit\u00e9 - CBIE2026\" \/>\n<meta property=\"og:description\" content=\"[vc_row type=\u00a0\u00a0\u00bbfull_width_background\u00a0\u00a0\u00bb full_screen_row_position=\u00a0\u00a0\u00bbmiddle\u00a0\u00a0\u00bb column_margin=\u00a0\u00a0\u00bbdefault\u00a0\u00a0\u00bb column_direction=\u00a0\u00a0\u00bbdefault\u00a0\u00a0\u00bb column_direction_tablet=\u00a0\u00a0\u00bbdefault\u00a0\u00a0\u00bb column_direction_phone=\u00a0\u00a0\u00bbdefault\u00a0\u00a0\u00bb bg_image=\u00a0\u00a0\u00bb48\u2033 bg_image_type=\u00a0\u00a0\u00bbdefault\u00a0\u00a0\u00bb bg_position=\u00a0\u00a0\u00bbcenter top\u00a0\u00a0\u00bb background_image_loading=\u00a0\u00a0\u00bbdefault\u00a0\u00a0\u00bb bg_repeat=\u00a0\u00a0\u00bbno-repeat\u00a0\u00a0\u00bb scene_position=\u00a0\u00a0\u00bbcenter\u00a0\u00a0\u00bb top_padding=\u00a0\u00a0\u00bb16%\u00a0\u00a0\u00bb bottom_padding=\u00a0\u00a0\u00bb10%\u00a0\u00a0\u00bb text_color=\u00a0\u00a0\u00bblight\u00a0\u00a0\u00bb text_align=\u00a0\u00a0\u00bbcenter\u00a0\u00a0\u00bb row_border_radius=\u00a0\u00a0\u00bbnone\u00a0\u00a0\u00bb row_border_radius_applies=\u00a0\u00a0\u00bbbg\u00a0\u00a0\u00bb row_position_desktop=\u00a0\u00a0\u00bbdefault\u00a0\u00a0\u00bb row_position_tablet=\u00a0\u00a0\u00bbinherit\u00a0\u00a0\u00bb row_position_phone=\u00a0\u00a0\u00bbinherit\u00a0\u00a0\u00bb overflow=\u00a0\u00a0\u00bbvisible\u00a0\u00a0\u00bb color_overlay=\u00a0\u00a0\u00bb#000000\u2033 overlay_strength=\u00a0\u00a0\u00bb0.3\u2033 gradient_direction=\u00a0\u00a0\u00bbleft_to_right\u00a0\u00a0\u00bb shape_divider_position=\u00a0\u00a0\u00bbbottom\u00a0\u00a0\u00bb bg_image_animation=\u00a0\u00a0\u00bbnone\u00a0\u00a0\u00bb gradient_type=\u00a0\u00a0\u00bbdefault\u00a0\u00a0\u00bb...\" \/>\n<meta property=\"og:url\" content=\"https:\/\/2026.cbieconference.ca\/fr\/sante-et-securite\/\" \/>\n<meta property=\"og:site_name\" content=\"CBIE2026\" \/>\n<meta property=\"article:modified_time\" content=\"2026-02-04T15:26:45+00:00\" \/>\n<meta name=\"twitter:card\" content=\"summary_large_image\" \/>\n<meta name=\"twitter:label1\" content=\"Dur\u00e9e de lecture estim\u00e9e\" \/>\n\t<meta name=\"twitter:data1\" content=\"2 minutes\" \/>\n<script type=\"application\/ld+json\" class=\"yoast-schema-graph\">{\"@context\":\"https:\\\/\\\/schema.org\",\"@graph\":[{\"@type\":\"WebPage\",\"@id\":\"https:\\\/\\\/2026.cbieconference.ca\\\/fr\\\/sante-et-securite\\\/\",\"url\":\"https:\\\/\\\/2026.cbieconference.ca\\\/fr\\\/sante-et-securite\\\/\",\"name\":\"Sant\u00e9 et s\u00e9curit\u00e9 - CBIE2026\",\"isPartOf\":{\"@id\":\"https:\\\/\\\/2026.cbieconference.ca\\\/#website\"},\"datePublished\":\"2024-12-09T22:45:43+00:00\",\"dateModified\":\"2026-02-04T15:26:45+00:00\",\"breadcrumb\":{\"@id\":\"https:\\\/\\\/2026.cbieconference.ca\\\/fr\\\/sante-et-securite\\\/#breadcrumb\"},\"inLanguage\":\"fr-FR\",\"potentialAction\":[{\"@type\":\"ReadAction\",\"target\":[\"https:\\\/\\\/2026.cbieconference.ca\\\/fr\\\/sante-et-securite\\\/\"]}]},{\"@type\":\"BreadcrumbList\",\"@id\":\"https:\\\/\\\/2026.cbieconference.ca\\\/fr\\\/sante-et-securite\\\/#breadcrumb\",\"itemListElement\":[{\"@type\":\"ListItem\",\"position\":1,\"name\":\"Home\",\"item\":\"https:\\\/\\\/2026.cbieconference.ca\\\/fr\\\/\"},{\"@type\":\"ListItem\",\"position\":2,\"name\":\"Sant\u00e9 et s\u00e9curit\u00e9\"}]},{\"@type\":\"WebSite\",\"@id\":\"https:\\\/\\\/2026.cbieconference.ca\\\/#website\",\"url\":\"https:\\\/\\\/2026.cbieconference.ca\\\/\",\"name\":\"CBIE2026\",\"description\":\"2026 CBIE Annual Conference\",\"potentialAction\":[{\"@type\":\"SearchAction\",\"target\":{\"@type\":\"EntryPoint\",\"urlTemplate\":\"https:\\\/\\\/2026.cbieconference.ca\\\/?s={search_term_string}\"},\"query-input\":{\"@type\":\"PropertyValueSpecification\",\"valueRequired\":true,\"valueName\":\"search_term_string\"}}],\"inLanguage\":\"fr-FR\"}]}<\/script>\n<!-- \/ Yoast SEO plugin. -->","yoast_head_json":{"title":"Sant\u00e9 et s\u00e9curit\u00e9 - CBIE2026","robots":{"index":"index","follow":"follow","max-snippet":"max-snippet:-1","max-image-preview":"max-image-preview:large","max-video-preview":"max-video-preview:-1"},"canonical":"https:\/\/2026.cbieconference.ca\/fr\/sante-et-securite\/","og_locale":"fr_FR","og_type":"article","og_title":"Sant\u00e9 et s\u00e9curit\u00e9 - CBIE2026","og_description":"[vc_row type=\u00a0\u00a0\u00bbfull_width_background\u00a0\u00a0\u00bb full_screen_row_position=\u00a0\u00a0\u00bbmiddle\u00a0\u00a0\u00bb column_margin=\u00a0\u00a0\u00bbdefault\u00a0\u00a0\u00bb column_direction=\u00a0\u00a0\u00bbdefault\u00a0\u00a0\u00bb column_direction_tablet=\u00a0\u00a0\u00bbdefault\u00a0\u00a0\u00bb column_direction_phone=\u00a0\u00a0\u00bbdefault\u00a0\u00a0\u00bb bg_image=\u00a0\u00a0\u00bb48\u2033 bg_image_type=\u00a0\u00a0\u00bbdefault\u00a0\u00a0\u00bb bg_position=\u00a0\u00a0\u00bbcenter top\u00a0\u00a0\u00bb background_image_loading=\u00a0\u00a0\u00bbdefault\u00a0\u00a0\u00bb bg_repeat=\u00a0\u00a0\u00bbno-repeat\u00a0\u00a0\u00bb scene_position=\u00a0\u00a0\u00bbcenter\u00a0\u00a0\u00bb top_padding=\u00a0\u00a0\u00bb16%\u00a0\u00a0\u00bb bottom_padding=\u00a0\u00a0\u00bb10%\u00a0\u00a0\u00bb text_color=\u00a0\u00a0\u00bblight\u00a0\u00a0\u00bb text_align=\u00a0\u00a0\u00bbcenter\u00a0\u00a0\u00bb row_border_radius=\u00a0\u00a0\u00bbnone\u00a0\u00a0\u00bb row_border_radius_applies=\u00a0\u00a0\u00bbbg\u00a0\u00a0\u00bb row_position_desktop=\u00a0\u00a0\u00bbdefault\u00a0\u00a0\u00bb row_position_tablet=\u00a0\u00a0\u00bbinherit\u00a0\u00a0\u00bb row_position_phone=\u00a0\u00a0\u00bbinherit\u00a0\u00a0\u00bb overflow=\u00a0\u00a0\u00bbvisible\u00a0\u00a0\u00bb color_overlay=\u00a0\u00a0\u00bb#000000\u2033 overlay_strength=\u00a0\u00a0\u00bb0.3\u2033 gradient_direction=\u00a0\u00a0\u00bbleft_to_right\u00a0\u00a0\u00bb shape_divider_position=\u00a0\u00a0\u00bbbottom\u00a0\u00a0\u00bb bg_image_animation=\u00a0\u00a0\u00bbnone\u00a0\u00a0\u00bb gradient_type=\u00a0\u00a0\u00bbdefault\u00a0\u00a0\u00bb...","og_url":"https:\/\/2026.cbieconference.ca\/fr\/sante-et-securite\/","og_site_name":"CBIE2026","article_modified_time":"2026-02-04T15:26:45+00:00","twitter_card":"summary_large_image","twitter_misc":{"Dur\u00e9e de lecture estim\u00e9e":"2 minutes"},"schema":{"@context":"https:\/\/schema.org","@graph":[{"@type":"WebPage","@id":"https:\/\/2026.cbieconference.ca\/fr\/sante-et-securite\/","url":"https:\/\/2026.cbieconference.ca\/fr\/sante-et-securite\/","name":"Sant\u00e9 et s\u00e9curit\u00e9 - CBIE2026","isPartOf":{"@id":"https:\/\/2026.cbieconference.ca\/#website"},"datePublished":"2024-12-09T22:45:43+00:00","dateModified":"2026-02-04T15:26:45+00:00","breadcrumb":{"@id":"https:\/\/2026.cbieconference.ca\/fr\/sante-et-securite\/#breadcrumb"},"inLanguage":"fr-FR","potentialAction":[{"@type":"ReadAction","target":["https:\/\/2026.cbieconference.ca\/fr\/sante-et-securite\/"]}]},{"@type":"BreadcrumbList","@id":"https:\/\/2026.cbieconference.ca\/fr\/sante-et-securite\/#breadcrumb","itemListElement":[{"@type":"ListItem","position":1,"name":"Home","item":"https:\/\/2026.cbieconference.ca\/fr\/"},{"@type":"ListItem","position":2,"name":"Sant\u00e9 et s\u00e9curit\u00e9"}]},{"@type":"WebSite","@id":"https:\/\/2026.cbieconference.ca\/#website","url":"https:\/\/2026.cbieconference.ca\/","name":"CBIE2026","description":"2026 CBIE Annual Conference","potentialAction":[{"@type":"SearchAction","target":{"@type":"EntryPoint","urlTemplate":"https:\/\/2026.cbieconference.ca\/?s={search_term_string}"},"query-input":{"@type":"PropertyValueSpecification","valueRequired":true,"valueName":"search_term_string"}}],"inLanguage":"fr-FR"}]}},"_links":{"self":[{"href":"https:\/\/2026.cbieconference.ca\/fr\/wp-json\/wp\/v2\/pages\/198","targetHints":{"allow":["GET"]}}],"collection":[{"href":"https:\/\/2026.cbieconference.ca\/fr\/wp-json\/wp\/v2\/pages"}],"about":[{"href":"https:\/\/2026.cbieconference.ca\/fr\/wp-json\/wp\/v2\/types\/page"}],"author":[{"embeddable":true,"href":"https:\/\/2026.cbieconference.ca\/fr\/wp-json\/wp\/v2\/users\/1"}],"replies":[{"embeddable":true,"href":"https:\/\/2026.cbieconference.ca\/fr\/wp-json\/wp\/v2\/comments?post=198"}],"version-history":[{"count":3,"href":"https:\/\/2026.cbieconference.ca\/fr\/wp-json\/wp\/v2\/pages\/198\/revisions"}],"predecessor-version":[{"id":1709,"href":"https:\/\/2026.cbieconference.ca\/fr\/wp-json\/wp\/v2\/pages\/198\/revisions\/1709"}],"wp:attachment":[{"href":"https:\/\/2026.cbieconference.ca\/fr\/wp-json\/wp\/v2\/media?parent=198"}],"curies":[{"name":"wp","href":"https:\/\/api.w.org\/{rel}","templated":true}]}}